{"id":3406,"date":"2017-02-09T15:21:36","date_gmt":"2017-02-09T15:21:36","guid":{"rendered":"http:\/\/blycolin.wpengine.com\/po\/?page_id=3406"},"modified":"2025-12-24T12:56:55","modified_gmt":"2025-12-24T12:56:55","slug":"strona-glowna","status":"publish","type":"page","link":"https:\/\/www.blycolin.com\/pl\/","title":{"rendered":"Strona g\u0142\u00f3wna"},"content":{"rendered":"<p><b>Komfortowy<br \/>\nwynajem tekstyli\u00f3w<\/b><br \/>\ndla Pa\u0144stwa<br \/>\ni Pa\u0144stwa go\u015bci<\/p>\n","protected":false},"excerpt":{"rendered":"<p>Komfortowy wynajem tekstyli\u00f3w dla Pa\u0144stwa i Pa\u0144stwa go\u015bci<\/p>\n","protected":false},"author":4,"featured_media":0,"parent":0,"menu_order":0,"comment_status":"closed","ping_status":"closed","template":"templates\/home.php","meta":{"_acf_changed":false,"footnotes":""},"class_list":["post-3406","page","type-page","status-publish","hentry"],"acf":[],"_links":{"self":[{"href":"https:\/\/www.blycolin.com\/pl\/wp-json\/wp\/v2\/pages\/3406","targetHints":{"allow":["GET"]}}],"collection":[{"href":"https:\/\/www.blycolin.com\/pl\/wp-json\/wp\/v2\/pages"}],"about":[{"href":"https:\/\/www.blycolin.com\/pl\/wp-json\/wp\/v2\/types\/page"}],"author":[{"embeddable":true,"href":"https:\/\/www.blycolin.com\/pl\/wp-json\/wp\/v2\/users\/4"}],"replies":[{"embeddable":true,"href":"https:\/\/www.blycolin.com\/pl\/wp-json\/wp\/v2\/comments?post=3406"}],"version-history":[{"count":0,"href":"https:\/\/www.blycolin.com\/pl\/wp-json\/wp\/v2\/pages\/3406\/revisions"}],"wp:attachment":[{"href":"https:\/\/www.blycolin.com\/pl\/wp-json\/wp\/v2\/media?parent=3406"}],"curies":[{"name":"wp","href":"https:\/\/api.w.org\/{rel}","templated":true}]}}