{"id":4372,"date":"2017-06-12T13:32:58","date_gmt":"2017-06-12T13:32:58","guid":{"rendered":"http:\/\/blycolin.wpengine.com\/po\/?page_id=4372"},"modified":"2025-12-24T12:57:07","modified_gmt":"2025-12-24T12:57:07","slug":"zrownowazony-rozwoj","status":"publish","type":"page","link":"https:\/\/www.blycolin.com\/pl\/zrownowazony-rozwoj","title":{"rendered":"Zr\u00f3wnowa\u017cony rozw\u00f3j"},"content":{"rendered":"<p>Energie<\/p>\n","protected":false},"excerpt":{"rendered":"<p>Energie<\/p>\n","protected":false},"author":3,"featured_media":0,"parent":0,"menu_order":0,"comment_status":"closed","ping_status":"closed","template":"","meta":{"_acf_changed":false,"footnotes":""},"class_list":["post-4372","page","type-page","status-publish","hentry"],"acf":[],"_links":{"self":[{"href":"https:\/\/www.blycolin.com\/pl\/wp-json\/wp\/v2\/pages\/4372","targetHints":{"allow":["GET"]}}],"collection":[{"href":"https:\/\/www.blycolin.com\/pl\/wp-json\/wp\/v2\/pages"}],"about":[{"href":"https:\/\/www.blycolin.com\/pl\/wp-json\/wp\/v2\/types\/page"}],"author":[{"embeddable":true,"href":"https:\/\/www.blycolin.com\/pl\/wp-json\/wp\/v2\/users\/3"}],"replies":[{"embeddable":true,"href":"https:\/\/www.blycolin.com\/pl\/wp-json\/wp\/v2\/comments?post=4372"}],"version-history":[{"count":0,"href":"https:\/\/www.blycolin.com\/pl\/wp-json\/wp\/v2\/pages\/4372\/revisions"}],"wp:attachment":[{"href":"https:\/\/www.blycolin.com\/pl\/wp-json\/wp\/v2\/media?parent=4372"}],"curies":[{"name":"wp","href":"https:\/\/api.w.org\/{rel}","templated":true}]}}